{"id":3,"date":"2025-04-22T23:29:20","date_gmt":"2025-04-22T21:29:20","guid":{"rendered":"http:\/\/bezaiwp68.you2.pl\/?page_id=3"},"modified":"2026-03-30T11:10:41","modified_gmt":"2026-03-30T09:10:41","slug":"polityka-prywatnosci","status":"publish","type":"page","link":"https:\/\/monikawozowicz.pl\/index.php\/polityka-prywatnosci\/","title":{"rendered":"Polityka prywatno\u015bci"},"content":{"rendered":"\t\t<div data-elementor-type=\"wp-page\" data-elementor-id=\"3\" class=\"elementor elementor-3\">\n\t\t\t\t<div class=\"elementor-element elementor-element-1af8150b e-flex e-con-boxed e-con e-parent\" data-id=\"1af8150b\" data-element_type=\"container\">\n\t\t\t\t\t<div class=\"e-con-inner\">\n\t\t\t\t<div class=\"elementor-element elementor-element-61b2bac6 elementor-widget elementor-widget-text-editor\" data-id=\"61b2bac6\" data-element_type=\"widget\" data-widget_type=\"text-editor.default\">\n\t\t\t\t\t\t\t\t\t<p data-start=\"306\" data-end=\"402\"><strong>Polityka prywatno\u015bci<\/strong><\/p>\n<p style=\"color: #000000; font-size: medium; font-style: normal; font-weight: 400;\" data-start=\"306\" data-end=\"402\"><strong data-start=\"306\" data-end=\"330\">1. Informacje og\u00f3lne<\/strong><br data-start=\"330\" data-end=\"333\" \/>Strona internetowa dost\u0119pna pod adresem: <a class=\"decorated-link\" href=\"https:\/\/monikawozowicz.pl\/\" target=\"_new\" rel=\"noopener\" data-start=\"374\" data-end=\"400\">https:\/\/monikawozowicz.pl\/<\/a><\/p>\n<p style=\"color: #000000; font-size: medium; font-style: normal; font-weight: 400;\" data-start=\"404\" data-end=\"573\">Administratorem danych osobowych jest:<br data-start=\"442\" data-end=\"445\" \/>Gabinet Fizjoterapeutyczny Dla Dzieci Active Baby Monika Wo\u017cowicz<br data-start=\"510\" data-end=\"513\" \/>ul. Rzeczna 26A, 42-263 Brzeziny-Kolonia<br data-start=\"553\" data-end=\"556\" \/>NIP: 9491498740<\/p>\n<p style=\"color: #000000; font-size: medium; font-style: normal; font-weight: 400;\" data-start=\"575\" data-end=\"672\">Kontakt w sprawach zwi\u0105zanych z danymi osobowymi: telefonicznie pod numerem wskazanym na stronie.<\/p>\n<hr style=\"font-size: medium; font-style: normal; font-weight: 400;\" data-start=\"674\" data-end=\"677\" \/>\n<p style=\"color: #000000; font-size: medium; font-style: normal; font-weight: 400;\" data-start=\"679\" data-end=\"828\"><strong data-start=\"679\" data-end=\"719\">2. Zakres i cel przetwarzania danych<\/strong><br data-start=\"719\" data-end=\"722\" \/>Strona ma charakter informacyjny i nie zbiera danych osobowych poprzez formularze ani systemy rejestracji.<\/p>\n<p style=\"color: #000000; font-size: medium; font-style: normal; font-weight: 400;\" data-start=\"830\" data-end=\"994\">Dane osobowe mog\u0105 by\u0107 przetwarzane wy\u0142\u0105cznie w przypadku kontaktu telefonicznego lub mailowego z Twojej strony \u2013 w celu udzielenia odpowiedzi lub realizacji us\u0142ugi.<\/p>\n<hr style=\"font-size: medium; font-style: normal; font-weight: 400;\" data-start=\"996\" data-end=\"999\" \/>\n<p style=\"color: #000000; font-size: medium; font-style: normal; font-weight: 400;\" data-start=\"1001\" data-end=\"1071\"><strong data-start=\"1001\" data-end=\"1037\">3. Podstawa prawna przetwarzania<\/strong><br data-start=\"1037\" data-end=\"1040\" \/>Dane przetwarzane s\u0105 zgodnie z:<\/p>\n<ul style=\"color: #000000; font-size: medium; font-style: normal; font-weight: 400;\" data-start=\"1072\" data-end=\"1245\">\n<li data-section-id=\"5uglev\" data-start=\"1072\" data-end=\"1158\">art. 6 ust. 1 lit. b RODO (dzia\u0142ania zmierzaj\u0105ce do zawarcia lub realizacji us\u0142ugi),<\/li>\n<li data-section-id=\"quhet\" data-start=\"1159\" data-end=\"1245\">art. 6 ust. 1 lit. f RODO (uzasadniony interes administratora \u2013 kontakt z klientem).<\/li>\n<\/ul>\n<hr style=\"font-size: medium; font-style: normal; font-weight: 400;\" data-start=\"1247\" data-end=\"1250\" \/>\n<p style=\"color: #000000; font-size: medium; font-style: normal; font-weight: 400;\" data-start=\"1252\" data-end=\"1443\"><strong data-start=\"1252\" data-end=\"1274\">4. Odbiorcy danych<\/strong><br data-start=\"1274\" data-end=\"1277\" \/>Dane mog\u0105 by\u0107 przekazywane wy\u0142\u0105cznie podmiotom wspieraj\u0105cym funkcjonowanie strony, takim jak dostawca hostingu \u2013 wy\u0142\u0105cznie w zakresie niezb\u0119dnym do dzia\u0142ania serwisu.<\/p>\n<hr style=\"font-size: medium; font-style: normal; font-weight: 400;\" data-start=\"1445\" data-end=\"1448\" \/>\n<p style=\"color: #000000; font-size: medium; font-style: normal; font-weight: 400;\" data-start=\"1450\" data-end=\"1629\"><strong data-start=\"1450\" data-end=\"1484\">5. Okres przechowywania danych<\/strong><br data-start=\"1484\" data-end=\"1487\" \/>Dane przechowywane s\u0105 tylko przez czas niezb\u0119dny do realizacji kontaktu lub us\u0142ugi oraz zgodnie z obowi\u0105zuj\u0105cymi przepisami (np. podatkowymi).<\/p>\n<hr style=\"font-size: medium; font-style: normal; font-weight: 400;\" data-start=\"1631\" data-end=\"1634\" \/>\n<p style=\"color: #000000; font-size: medium; font-style: normal; font-weight: 400;\" data-start=\"1636\" data-end=\"1671\"><strong data-start=\"1636\" data-end=\"1654\">6. Twoje prawa<\/strong><br data-start=\"1654\" data-end=\"1657\" \/>Masz prawo do:<\/p>\n<ul style=\"color: #000000; font-size: medium; font-style: normal; font-weight: 400;\" data-start=\"1672\" data-end=\"1786\">\n<li data-section-id=\"141sg5r\" data-start=\"1672\" data-end=\"1699\">dost\u0119pu do swoich danych,<\/li>\n<li data-section-id=\"1bkmphc\" data-start=\"1700\" data-end=\"1719\">ich sprostowania,<\/li>\n<li data-section-id=\"nk7z4y\" data-start=\"1720\" data-end=\"1732\">usuni\u0119cia,<\/li>\n<li data-section-id=\"xkgqs2\" data-start=\"1733\" data-end=\"1762\">ograniczenia przetwarzania,<\/li>\n<li data-section-id=\"qkr7u4\" data-start=\"1763\" data-end=\"1786\">wniesienia sprzeciwu.<\/li>\n<\/ul>\n<p style=\"color: #000000; font-size: medium; font-style: normal; font-weight: 400;\" data-start=\"1788\" data-end=\"1868\">Masz r\u00f3wnie\u017c prawo wniesienia skargi do Prezesa Urz\u0119du Ochrony Danych Osobowych.<\/p>\n<hr style=\"font-size: medium; font-style: normal; font-weight: 400;\" data-start=\"1870\" data-end=\"1873\" \/>\n<p style=\"color: #000000; font-size: medium; font-style: normal; font-weight: 400;\" data-start=\"1875\" data-end=\"2007\"><strong data-start=\"1875\" data-end=\"1913\">7. Pliki cookies i dane techniczne<\/strong><br data-start=\"1913\" data-end=\"1916\" \/>Strona mo\u017ce wykorzystywa\u0107 podstawowe pliki cookies niezb\u0119dne do jej prawid\u0142owego dzia\u0142ania.<\/p>\n<p style=\"color: #000000; font-size: medium; font-style: normal; font-weight: 400;\" data-start=\"2009\" data-end=\"2188\">Dodatkowo serwer mo\u017ce automatycznie zapisywa\u0107 tzw. logi techniczne (np. adres IP, czas wizyty, typ przegl\u0105darki) w celu zapewnienia bezpiecze\u0144stwa i prawid\u0142owego dzia\u0142ania strony.<\/p>\n<p style=\"color: #000000; font-size: medium; font-style: normal; font-weight: 400;\" data-start=\"2190\" data-end=\"2273\">Strona nie wykorzystuje cookies do cel\u00f3w marketingowych ani \u015bledzenia u\u017cytkownik\u00f3w.<\/p>\n<hr style=\"font-size: medium; font-style: normal; font-weight: 400;\" data-start=\"2275\" data-end=\"2278\" \/>\n<p style=\"color: #000000; font-size: medium; font-style: normal; font-weight: 400;\" data-start=\"2280\" data-end=\"2394\"><strong data-start=\"2280\" data-end=\"2308\">8. Bezpiecze\u0144stwo danych<\/strong><br data-start=\"2308\" data-end=\"2311\" \/>Strona korzysta z zabezpiecze\u0144 (np. certyfikat SSL), kt\u00f3re chroni\u0105 przesy\u0142ane dane.<\/p>\n<hr style=\"font-size: medium; font-style: normal; font-weight: 400;\" data-start=\"2396\" data-end=\"2399\" \/>\n<p style=\"color: #000000; font-size: medium; font-style: normal; font-weight: 400;\" data-start=\"2401\" data-end=\"2528\"><strong data-start=\"2401\" data-end=\"2435\">9. Zmiany polityki prywatno\u015bci<\/strong><br data-start=\"2435\" data-end=\"2438\" \/>Polityka mo\u017ce by\u0107 aktualizowana w zwi\u0105zku ze zmianami przepis\u00f3w lub funkcjonowania strony.<\/p>\n<p><!-- \/wp:paragraph --><\/p>\t\t\t\t\t\t\t\t<\/div>\n\t\t\t\t\t<\/div>\n\t\t\t\t<\/div>\n\t\t\t\t<\/div>\n\t\t","protected":false},"excerpt":{"rendered":"<p>Polityka prywatno\u015bci 1. Informacje og\u00f3lneStrona internetowa dost\u0119pna pod adresem: https:\/\/monikawozowicz.pl\/ Administratorem danych osobowych jest:Gabinet Fizjoterapeutyczny Dla Dzieci Active Baby Monika [&hellip;]<\/p>\n","protected":false},"author":1,"featured_media":0,"parent":0,"menu_order":0,"comment_status":"closed","ping_status":"open","template":"","meta":{"site-sidebar-layout":"default","site-content-layout":"","ast-site-content-layout":"default","site-content-style":"default","site-sidebar-style":"default","ast-global-header-display":"","ast-banner-title-visibility":"","ast-main-header-display":"","ast-hfb-above-header-display":"","ast-hfb-below-header-display":"","ast-hfb-mobile-header-display":"","site-post-title":"disabled","ast-breadcrumbs-content":"","ast-featured-img":"","footer-sml-layout":"","ast-disable-related-posts":"","theme-transparent-header-meta":"","adv-header-id-meta":"","stick-header-meta":"","header-above-stick-meta":"","header-main-stick-meta":"","header-below-stick-meta":"","astra-migrate-meta-layouts":"default","ast-page-background-enabled":"default","ast-page-background-meta":{"desktop":{"background-color":"var(--ast-global-color-5)","background-image":"","background-repeat":"repeat","background-position":"center center","background-size":"auto","background-attachment":"scroll","background-type":"","background-media":"","overlay-type":"","overlay-color":"","overlay-opacity":"","overlay-gradient":""},"tablet":{"background-color":"","background-image":"","background-repeat":"repeat","background-position":"center center","background-size":"auto","background-attachment":"scroll","background-type":"","background-media":"","overlay-type":"","overlay-color":"","overlay-opacity":"","overlay-gradient":""},"mobile":{"background-color":"","background-image":"","background-repeat":"repeat","background-position":"center center","background-size":"auto","background-attachment":"scroll","background-type":"","background-media":"","overlay-type":"","overlay-color":"","overlay-opacity":"","overlay-gradient":""}},"ast-content-background-meta":{"desktop":{"background-color":"var(--ast-global-color-4)","background-image":"","background-repeat":"repeat","background-position":"center center","background-size":"auto","background-attachment":"scroll","background-type":"","background-media":"","overlay-type":"","overlay-color":"","overlay-opacity":"","overlay-gradient":""},"tablet":{"background-color":"var(--ast-global-color-4)","background-image":"","background-repeat":"repeat","background-position":"center center","background-size":"auto","background-attachment":"scroll","background-type":"","background-media":"","overlay-type":"","overlay-color":"","overlay-opacity":"","overlay-gradient":""},"mobile":{"background-color":"var(--ast-global-color-4)","background-image":"","background-repeat":"repeat","background-position":"center center","background-size":"auto","background-attachment":"scroll","background-type":"","background-media":"","overlay-type":"","overlay-color":"","overlay-opacity":"","overlay-gradient":""}},"footnotes":""},"class_list":["post-3","page","type-page","status-publish","hentry"],"_links":{"self":[{"href":"https:\/\/monikawozowicz.pl\/index.php\/wp-json\/wp\/v2\/pages\/3","targetHints":{"allow":["GET"]}}],"collection":[{"href":"https:\/\/monikawozowicz.pl\/index.php\/wp-json\/wp\/v2\/pages"}],"about":[{"href":"https:\/\/monikawozowicz.pl\/index.php\/wp-json\/wp\/v2\/types\/page"}],"author":[{"embeddable":true,"href":"https:\/\/monikawozowicz.pl\/index.php\/wp-json\/wp\/v2\/users\/1"}],"replies":[{"embeddable":true,"href":"https:\/\/monikawozowicz.pl\/index.php\/wp-json\/wp\/v2\/comments?post=3"}],"version-history":[{"count":7,"href":"https:\/\/monikawozowicz.pl\/index.php\/wp-json\/wp\/v2\/pages\/3\/revisions"}],"predecessor-version":[{"id":350,"href":"https:\/\/monikawozowicz.pl\/index.php\/wp-json\/wp\/v2\/pages\/3\/revisions\/350"}],"wp:attachment":[{"href":"https:\/\/monikawozowicz.pl\/index.php\/wp-json\/wp\/v2\/media?parent=3"}],"curies":[{"name":"wp","href":"https:\/\/api.w.org\/{rel}","templated":true}]}}